{"id":87462,"date":"2018-09-06T14:49:50","date_gmt":"2018-09-06T11:49:50","guid":{"rendered":"https:\/\/bodrumfinder.com\/bodrum-gezilecek-yerler-ve-bodrum-gezi-rehberleri\/"},"modified":"2025-02-05T22:27:19","modified_gmt":"2025-02-05T19:27:19","slug":"places-to-visit-in-bodrum-travel-guides","status":"publish","type":"page","link":"https:\/\/www.bodrumfinder.com\/en\/places-to-visit-in-bodrum-travel-guides\/","title":{"rendered":"Bodrum Gezi Rehberleri"},"content":{"rendered":"\t\t<div data-elementor-type=\"wp-page\" data-elementor-id=\"87462\" class=\"elementor elementor-87462 elementor-2507\">\n\t\t\t\t\t\t<section class=\"elementor-section elementor-top-section elementor-element elementor-element-7d4ae83 elementor-section-boxed elementor-section-height-default elementor-section-height-default mkdf-parallax-row-no mkdf-content-aligment-left mkdf-row-grid-no\" data-id=\"7d4ae83\" data-element_type=\"section\" data-e-type=\"section\">\n\t\t\t\t\t\t<div class=\"elementor-container elementor-column-gap-default\">\n\t\t\t\t\t<div class=\"elementor-column elementor-col-100 elementor-top-column elementor-element elementor-element-30ce5bc\" data-id=\"30ce5bc\" data-element_type=\"column\" data-e-type=\"column\">\n\t\t\t<div class=\"elementor-widget-wrap elementor-element-populated\">\n\t\t\t\t\t\t<div class=\"elementor-element elementor-element-276003c elementor-widget elementor-widget-text-editor\" data-id=\"276003c\" data-element_type=\"widget\" data-e-type=\"widget\" data-widget_type=\"text-editor.default\">\n\t\t\t\t<div class=\"elementor-widget-container\">\n\t\t\t\t\t\t\t\t\t<h2 style=\"text-align: center;\">Bodrum Travel Guides<\/h2>\t\t\t\t\t\t\t\t<\/div>\n\t\t\t\t<\/div>\n\t\t\t\t<div class=\"elementor-element elementor-element-a78f09e elementor-widget elementor-widget-text-editor\" data-id=\"a78f09e\" data-element_type=\"widget\" data-e-type=\"widget\" data-widget_type=\"text-editor.default\">\n\t\t\t\t<div class=\"elementor-widget-container\">\n\t\t\t\t\t\t\t\t\t<p style=\"text-align: center;\"><span style=\"color: #838383; font-size: 18px; line-height: 30px;\">Discover Bodrum with our carefully prepared travel articles for every town in Bodrum. Bodrum&#8217;s places to visit, highlights, places to swim and of course the best places to shop&#8230;<\/span><\/p>\t\t\t\t\t\t\t\t<\/div>\n\t\t\t\t<\/div>\n\t\t\t\t\t<\/div>\n\t\t<\/div>\n\t\t\t\t\t<\/div>\n\t\t<\/section>\n\t\t\t\t<section class=\"elementor-section elementor-top-section elementor-element elementor-element-07d07df mkdf-row-grid-section elementor-section-boxed elementor-section-height-default elementor-section-height-default mkdf-parallax-row-no mkdf-content-aligment-left\" data-id=\"07d07df\" data-element_type=\"section\" data-e-type=\"section\">\n\t\t\t\t\t\t<div class=\"elementor-container elementor-column-gap-default\">\n\t\t\t\t\t<div class=\"elementor-column elementor-col-100 elementor-top-column elementor-element elementor-element-f5b3874\" data-id=\"f5b3874\" data-element_type=\"column\" data-e-type=\"column\">\n\t\t\t<div class=\"elementor-widget-wrap elementor-element-populated\">\n\t\t\t\t\t\t<div class=\"elementor-element elementor-element-c75fa66 elementor-widget elementor-widget-mkdf_destination_list\" data-id=\"c75fa66\" data-element_type=\"widget\" data-e-type=\"widget\" data-widget_type=\"mkdf_destination_list.default\">\n\t\t\t\t<div class=\"elementor-widget-container\">\n\t\t\t\t\t<div class=\"mkdf-destination-list-holder mkdf-grid-list mkdf-pl-gallery mkdf-four-columns mkdf-normal-space mkdf-pl-standard-shader  mkdf-pl-pag-load-more    \"  data-type=gallery data-number-of-columns=four data-space-between-items=normal data-number-of-items=15 data-image-proportions=square data-orderby=title data-order=ASC data-item-style=standard-shader data-enable-title=yes data-enable-category=yes data-enable-excerpt=no data-excerpt-length=20 data-pagination-type=load-more data-enable-article-animation=no data-destination-slider-on=no data-enable-loop=yes data-enable-autoplay=yes data-slider-speed=5000 data-slider-speed-animation=600 data-enable-navigation=yes data-enable-pagination=yes data-max-num-pages=1 data-next-page=2>\n\t<div class=\"mkdf-pl-inner mkdf-outer-space  clearfix\">\n        \t\t<article class=\"mkdf-pl-item mkdf-item-space  post-87472 destination-item type-destination-item status-publish has-post-thumbnail hentry\">\n\t<div class=\"mkdf-pl-item-inner\">\n\t\t\n<a itemprop=\"url\" href=\"https:\/\/www.bodrumfinder.com\/en\/bodrum\/bodrum-bitez-places-travel\/\" target=\"_self\">\n<div class=\"mkdf-pli-image\">\n\t<img fetchpriority=\"high\" decoding=\"async\" width=\"650\" height=\"650\" src=\"https:\/\/www.bodrumfinder.com\/wp-content\/uploads\/2018\/09\/Bitez-Gezi-Rehberi-650x650.jpg\" class=\"attachment-backpacktraveler_mikado_image_square size-backpacktraveler_mikado_image_square wp-post-image\" alt=\"Bitez Gezi Rehberi\" srcset=\"https:\/\/www.bodrumfinder.com\/wp-content\/uploads\/2018\/09\/Bitez-Gezi-Rehberi-650x650.jpg 650w, https:\/\/www.bodrumfinder.com\/wp-content\/uploads\/2018\/09\/Bitez-Gezi-Rehberi-150x150.jpg 150w\" sizes=\"(max-width: 650px) 100vw, 650px\" title=\"\"><\/div><\/a>\n\n<div class=\"mkdf-pli-text-holder\" >\n\t<div class=\"mkdf-pli-text-wrapper\">\n\t\t<div class=\"mkdf-pli-text\">\n            <img decoding=\"async\" itemprop=\"image\" class=\"mkdf-destination-additional-image\" src=\"https:\/\/bodrumfinder.com\/wp-content\/uploads\/2018\/09\/Harita_Bitez_01.png\" alt=\"Destination Additional Image\" title=\"\">\n\n            \t<span itemprop=\"name\" class=\"mkdf-pli-title entry-title\" >\n\t\tBitez\t<\/span>\n\n\t\t\t\n            <a itemprop=\"url\" href=\"https:\/\/www.bodrumfinder.com\/en\/bodrum\/bodrum-bitez-places-travel\/\" target=\"_self\"  class=\"mkdf-btn mkdf-btn-medium mkdf-btn-outline\"  >    <span class=\"mkdf-btn-text\">Explore<\/span>    <\/a>\n        <\/div>\n\t<\/div>\n<\/div>\n            <\/div>\n<\/article><article class=\"mkdf-pl-item mkdf-item-space  post-87474 destination-item type-destination-item status-publish has-post-thumbnail hentry\">\n\t<div class=\"mkdf-pl-item-inner\">\n\t\t\n<a itemprop=\"url\" href=\"https:\/\/www.bodrumfinder.com\/en\/bodrum\/bodrum-center\/\" target=\"_self\">\n<div class=\"mkdf-pli-image\">\n\t<img decoding=\"async\" width=\"650\" height=\"650\" src=\"https:\/\/www.bodrumfinder.com\/wp-content\/uploads\/2018\/09\/Bodrum-Merkez_00-650x650.jpg\" class=\"attachment-backpacktraveler_mikado_image_square size-backpacktraveler_mikado_image_square wp-post-image\" alt=\"Bodrum Merkez Gezilecek Yerler\" srcset=\"https:\/\/www.bodrumfinder.com\/wp-content\/uploads\/2018\/09\/Bodrum-Merkez_00-650x650.jpg 650w, https:\/\/www.bodrumfinder.com\/wp-content\/uploads\/2018\/09\/Bodrum-Merkez_00-150x150.jpg 150w\" sizes=\"(max-width: 650px) 100vw, 650px\" title=\"\"><\/div><\/a>\n\n<div class=\"mkdf-pli-text-holder\" >\n\t<div class=\"mkdf-pli-text-wrapper\">\n\t\t<div class=\"mkdf-pli-text\">\n            <img decoding=\"async\" itemprop=\"image\" class=\"mkdf-destination-additional-image\" src=\"https:\/\/bodrumfinder.com\/wp-content\/uploads\/2018\/09\/Bodrum-Merkez.png\" alt=\"Destination Additional Image\" title=\"\">\n\n            \t<span itemprop=\"name\" class=\"mkdf-pli-title entry-title\" >\n\t\tBodrum Center\t<\/span>\n\n\t\t\t\n            <a itemprop=\"url\" href=\"https:\/\/www.bodrumfinder.com\/en\/bodrum\/bodrum-center\/\" target=\"_self\"  class=\"mkdf-btn mkdf-btn-medium mkdf-btn-outline\"  >    <span class=\"mkdf-btn-text\">Explore<\/span>    <\/a>\n        <\/div>\n\t<\/div>\n<\/div>\n            <\/div>\n<\/article><article class=\"mkdf-pl-item mkdf-item-space  post-87468 destination-item type-destination-item status-publish has-post-thumbnail hentry\">\n\t<div class=\"mkdf-pl-item-inner\">\n\t\t\n<a itemprop=\"url\" href=\"https:\/\/www.bodrumfinder.com\/en\/bodrum\/bodrum-gumbet\/\" target=\"_self\">\n<div class=\"mkdf-pli-image\">\n\t<img decoding=\"async\" width=\"650\" height=\"650\" src=\"https:\/\/www.bodrumfinder.com\/wp-content\/uploads\/2024\/12\/Gumbet_02-650x650.jpg\" class=\"attachment-backpacktraveler_mikado_image_square size-backpacktraveler_mikado_image_square wp-post-image\" alt=\"\" srcset=\"https:\/\/www.bodrumfinder.com\/wp-content\/uploads\/2024\/12\/Gumbet_02-650x650.jpg 650w, https:\/\/www.bodrumfinder.com\/wp-content\/uploads\/2024\/12\/Gumbet_02-150x150.jpg 150w\" sizes=\"(max-width: 650px) 100vw, 650px\" title=\"\"><\/div><\/a>\n\n<div class=\"mkdf-pli-text-holder\" >\n\t<div class=\"mkdf-pli-text-wrapper\">\n\t\t<div class=\"mkdf-pli-text\">\n            <img decoding=\"async\" itemprop=\"image\" class=\"mkdf-destination-additional-image\" src=\"https:\/\/bodrumfinder.com\/wp-content\/uploads\/2024\/12\/Harita_Gumbet.png\" alt=\"Destination Additional Image\" title=\"\">\n\n            \t<span itemprop=\"name\" class=\"mkdf-pli-title entry-title\" >\n\t\tGumbet\t<\/span>\n\n\t\t\t\n            <a itemprop=\"url\" href=\"https:\/\/www.bodrumfinder.com\/en\/bodrum\/bodrum-gumbet\/\" target=\"_self\"  class=\"mkdf-btn mkdf-btn-medium mkdf-btn-outline\"  >    <span class=\"mkdf-btn-text\">Explore<\/span>    <\/a>\n        <\/div>\n\t<\/div>\n<\/div>\n            <\/div>\n<\/article><article class=\"mkdf-pl-item mkdf-item-space  post-87478 destination-item type-destination-item status-publish has-post-thumbnail hentry\">\n\t<div class=\"mkdf-pl-item-inner\">\n\t\t\n<a itemprop=\"url\" href=\"https:\/\/www.bodrumfinder.com\/en\/bodrum\/bodrum-gumusluk\/\" target=\"_self\">\n<div class=\"mkdf-pli-image\">\n\t<img loading=\"lazy\" decoding=\"async\" width=\"650\" height=\"650\" src=\"https:\/\/www.bodrumfinder.com\/wp-content\/uploads\/2018\/09\/Gumusluk-Gezilecek-Yerler-650x650.jpg\" class=\"attachment-backpacktraveler_mikado_image_square size-backpacktraveler_mikado_image_square wp-post-image\" alt=\"G\u00fcm\u00fc\u015fl\u00fck Gezilecek Yerler\" srcset=\"https:\/\/www.bodrumfinder.com\/wp-content\/uploads\/2018\/09\/Gumusluk-Gezilecek-Yerler-650x650.jpg 650w, https:\/\/www.bodrumfinder.com\/wp-content\/uploads\/2018\/09\/Gumusluk-Gezilecek-Yerler-150x150.jpg 150w\" sizes=\"(max-width: 650px) 100vw, 650px\" title=\"\"><\/div><\/a>\n\n<div class=\"mkdf-pli-text-holder\" >\n\t<div class=\"mkdf-pli-text-wrapper\">\n\t\t<div class=\"mkdf-pli-text\">\n            <img decoding=\"async\" itemprop=\"image\" class=\"mkdf-destination-additional-image\" src=\"https:\/\/bodrumfinder.com\/wp-content\/uploads\/2018\/09\/Harita_Gumusluk.png\" alt=\"Destination Additional Image\" title=\"\">\n\n            \t<span itemprop=\"name\" class=\"mkdf-pli-title entry-title\" >\n\t\tGumusluk\t<\/span>\n\n\t\t\t\n            <a itemprop=\"url\" href=\"https:\/\/www.bodrumfinder.com\/en\/bodrum\/bodrum-gumusluk\/\" target=\"_self\"  class=\"mkdf-btn mkdf-btn-medium mkdf-btn-outline\"  >    <span class=\"mkdf-btn-text\">Explore<\/span>    <\/a>\n        <\/div>\n\t<\/div>\n<\/div>\n            <\/div>\n<\/article><article class=\"mkdf-pl-item mkdf-item-space  post-90848 destination-item type-destination-item status-publish has-post-thumbnail hentry\">\n\t<div class=\"mkdf-pl-item-inner\">\n\t\t\n<a itemprop=\"url\" href=\"https:\/\/www.bodrumfinder.com\/en\/bodrum\/bodrum-turgutreis\/\" target=\"_self\">\n<div class=\"mkdf-pli-image\">\n\t<img loading=\"lazy\" decoding=\"async\" width=\"650\" height=\"650\" src=\"https:\/\/www.bodrumfinder.com\/wp-content\/uploads\/2018\/09\/Turgutreis-Gezi-Rehberi_01-650x650.jpg\" class=\"attachment-backpacktraveler_mikado_image_square size-backpacktraveler_mikado_image_square wp-post-image\" alt=\"\" srcset=\"https:\/\/www.bodrumfinder.com\/wp-content\/uploads\/2018\/09\/Turgutreis-Gezi-Rehberi_01-650x650.jpg 650w, https:\/\/www.bodrumfinder.com\/wp-content\/uploads\/2018\/09\/Turgutreis-Gezi-Rehberi_01-150x150.jpg 150w\" sizes=\"(max-width: 650px) 100vw, 650px\" title=\"\"><\/div><\/a>\n\n<div class=\"mkdf-pli-text-holder\" >\n\t<div class=\"mkdf-pli-text-wrapper\">\n\t\t<div class=\"mkdf-pli-text\">\n            <img decoding=\"async\" itemprop=\"image\" class=\"mkdf-destination-additional-image\" src=\"https:\/\/bodrumfinder.com\/wp-content\/uploads\/2018\/09\/Harita_Turgutreis.png\" alt=\"Destination Additional Image\" title=\"\">\n\n            \t<span itemprop=\"name\" class=\"mkdf-pli-title entry-title\" >\n\t\tTurgutreis\t<\/span>\n\n\t\t\t\n            <a itemprop=\"url\" href=\"https:\/\/www.bodrumfinder.com\/en\/bodrum\/bodrum-turgutreis\/\" target=\"_self\"  class=\"mkdf-btn mkdf-btn-medium mkdf-btn-outline\"  >    <span class=\"mkdf-btn-text\">Explore<\/span>    <\/a>\n        <\/div>\n\t<\/div>\n<\/div>\n            <\/div>\n<\/article><article class=\"mkdf-pl-item mkdf-item-space  post-87470 destination-item type-destination-item status-publish has-post-thumbnail hentry\">\n\t<div class=\"mkdf-pl-item-inner\">\n\t\t\n<a itemprop=\"url\" href=\"https:\/\/www.bodrumfinder.com\/en\/bodrum\/bodrum-yalikavak-travel-guide\/\" target=\"_self\">\n<div class=\"mkdf-pli-image\">\n\t<img loading=\"lazy\" decoding=\"async\" width=\"650\" height=\"650\" src=\"https:\/\/www.bodrumfinder.com\/wp-content\/uploads\/2024\/12\/Yalikavak-Gezi-Rehberi_01-650x650.jpg\" class=\"attachment-backpacktraveler_mikado_image_square size-backpacktraveler_mikado_image_square wp-post-image\" alt=\"Yal\u0131kavak Gezi Rehberi\" srcset=\"https:\/\/www.bodrumfinder.com\/wp-content\/uploads\/2024\/12\/Yalikavak-Gezi-Rehberi_01-650x650.jpg 650w, https:\/\/www.bodrumfinder.com\/wp-content\/uploads\/2024\/12\/Yalikavak-Gezi-Rehberi_01-150x150.jpg 150w\" sizes=\"(max-width: 650px) 100vw, 650px\" title=\"\"><\/div><\/a>\n\n<div class=\"mkdf-pli-text-holder\" >\n\t<div class=\"mkdf-pli-text-wrapper\">\n\t\t<div class=\"mkdf-pli-text\">\n            <img decoding=\"async\" itemprop=\"image\" class=\"mkdf-destination-additional-image\" src=\"https:\/\/bodrumfinder.com\/wp-content\/uploads\/2024\/12\/Harita_Yalikavak.png\" alt=\"Destination Additional Image\" title=\"\">\n\n            \t<span itemprop=\"name\" class=\"mkdf-pli-title entry-title\" >\n\t\tYalikavak\t<\/span>\n\n\t\t\t\n            <a itemprop=\"url\" href=\"https:\/\/www.bodrumfinder.com\/en\/bodrum\/bodrum-yalikavak-travel-guide\/\" target=\"_self\"  class=\"mkdf-btn mkdf-btn-medium mkdf-btn-outline\"  >    <span class=\"mkdf-btn-text\">Explore<\/span>    <\/a>\n        <\/div>\n\t<\/div>\n<\/div>\n            <\/div>\n<\/article>        \t<\/div>\n\t\n\t<\/div>\t\t\t\t<\/div>\n\t\t\t\t<\/div>\n\t\t\t\t\t<\/div>\n\t\t<\/div>\n\t\t\t\t\t<\/div>\n\t\t<\/section>\n\t\t\t\t<\/div>\n\t\t","protected":false},"excerpt":{"rendered":"<p>Bodrum Travel Guides Discover Bodrum with our carefully prepared travel articles for every town in Bodrum. Bodrum&#8217;s places to visit, highlights, places to swim and of course the best places to shop&#8230; Bitez Explore Bodrum Center Explore Gumbet Explore Gumusluk Explore Turgutreis Explore Yalikavak [&hellip;]<\/p>\n","protected":false},"author":1,"featured_media":84759,"parent":0,"menu_order":0,"comment_status":"closed","ping_status":"closed","template":"full-width.php","meta":{"footnotes":""},"class_list":["post-87462","page","type-page","status-publish","has-post-thumbnail","hentry"],"_links":{"self":[{"href":"https:\/\/www.bodrumfinder.com\/en\/wp-json\/wp\/v2\/pages\/87462","targetHints":{"allow":["GET"]}}],"collection":[{"href":"https:\/\/www.bodrumfinder.com\/en\/wp-json\/wp\/v2\/pages"}],"about":[{"href":"https:\/\/www.bodrumfinder.com\/en\/wp-json\/wp\/v2\/types\/page"}],"author":[{"embeddable":true,"href":"https:\/\/www.bodrumfinder.com\/en\/wp-json\/wp\/v2\/users\/1"}],"replies":[{"embeddable":true,"href":"https:\/\/www.bodrumfinder.com\/en\/wp-json\/wp\/v2\/comments?post=87462"}],"version-history":[{"count":0,"href":"https:\/\/www.bodrumfinder.com\/en\/wp-json\/wp\/v2\/pages\/87462\/revisions"}],"wp:featuredmedia":[{"embeddable":true,"href":"https:\/\/www.bodrumfinder.com\/en\/wp-json\/wp\/v2\/media\/84759"}],"wp:attachment":[{"href":"https:\/\/www.bodrumfinder.com\/en\/wp-json\/wp\/v2\/media?parent=87462"}],"curies":[{"name":"wp","href":"https:\/\/api.w.org\/{rel}","templated":true}]}}