{"id":87467,"date":"2018-08-22T08:39:33","date_gmt":"2018-08-22T05:39:33","guid":{"rendered":"https:\/\/bodrumfinder.com\/iletisim\/"},"modified":"2025-02-05T15:02:12","modified_gmt":"2025-02-05T12:02:12","slug":"%d1%81%d0%b2%d1%8f%d0%b7%d0%b0%d1%82%d1%8c%d1%81%d1%8f-%d1%81","status":"publish","type":"page","link":"https:\/\/www.bodrumfinder.com\/ru\/%d1%81%d0%b2%d1%8f%d0%b7%d0%b0%d1%82%d1%8c%d1%81%d1%8f-%d1%81\/","title":{"rendered":"\u0421\u0432\u044f\u0437\u0430\u0442\u044c\u0441\u044f \u0441"},"content":{"rendered":"\t\t<div data-elementor-type=\"wp-page\" data-elementor-id=\"87467\" class=\"elementor elementor-87467 elementor-373\">\n\t\t\t\t\t\t<section class=\"elementor-section elementor-top-section elementor-element elementor-element-f6a784e mkdf-row-grid-section elementor-section-boxed elementor-section-height-default elementor-section-height-default mkdf-parallax-row-no mkdf-content-aligment-left\" data-id=\"f6a784e\" data-element_type=\"section\" data-e-type=\"section\">\n\t\t\t\t\t\t<div class=\"elementor-container elementor-column-gap-default\">\n\t\t\t\t\t<div class=\"elementor-column elementor-col-50 elementor-top-column elementor-element elementor-element-02f0592 elementor-hidden-tablet elementor-hidden-mobile\" data-id=\"02f0592\" data-element_type=\"column\" data-e-type=\"column\">\n\t\t\t<div class=\"elementor-widget-wrap elementor-element-populated\">\n\t\t\t\t\t\t<div class=\"elementor-element elementor-element-e8d0e36 elementor-widget elementor-widget-wp-widget-rev-slider-widget\" data-id=\"e8d0e36\" data-element_type=\"widget\" data-e-type=\"widget\" data-widget_type=\"wp-widget-rev-slider-widget.default\">\n\t\t\t\t<div class=\"elementor-widget-container\">\n\t\t\t\t\t\n\t\t\t\t<p class=\"rs-p-wp-fix\"><\/p>\n\t\t\t\t<sr7-module data-alias=\"home1-2\" data-id=\"8\" id=\"SR7_8_1\" class=\"rs-ov-hidden\" data-version=\"6.7.40\">\n\t\t\t\t\t<sr7-adjuster><\/sr7-adjuster>\n\t\t\t\t\t<sr7-content>\n\t\t\t\t\t\t<sr7-slide id=\"SR7_8_1-12\" data-key=\"12\">\n\t\t\t\t\t\t<\/sr7-slide>\n\t\t\t\t\t\t<sr7-slide id=\"SR7_8_1-21\" data-key=\"21\">\n\t\t\t\t\t\t<\/sr7-slide>\n\t\t\t\t\t<\/sr7-content>\n\t\t\t\t\t<image_lists style=\"display:none\">\n\t\t\t\t\t\t<img data-src=\"\/\/bodrumfinder.com\/wp-content\/uploads\/2024\/12\/Contact.png\" data-libid=\"86672\" data-lib=\"medialibrary\" alt=\"Bodrum Kalesi\" title=\"Contact\" width=\"0\" height=\"0\" data-dbsrc=\"Ly9ib2RydW1maW5kZXIuY29tL3dwLWNvbnRlbnQvdXBsb2Fkcy8yMDI0LzEyL0NvbnRhY3QucG5n\"\/>\n\t\t\t\t\t\t<img data-src=\"\/\/bodrumfinder.com\/wp-content\/uploads\/2024\/12\/Contact_02.png\" data-libid=\"86678\" data-lib=\"medialibrary\" title=\"Contact_02\" width=\"0\" height=\"0\" data-dbsrc=\"Ly9ib2RydW1maW5kZXIuY29tL3dwLWNvbnRlbnQvdXBsb2Fkcy8yMDI0LzEyL0NvbnRhY3RfMDIucG5n\"\/>\n\t\t\t\t\t\t<img data-src=\"\/\/bodrumfinder.com\/wp-content\/uploads\/2024\/12\/Contact_01.png\" data-libid=\"86675\" data-lib=\"medialibrary\" title=\"Contact_01\" width=\"0\" height=\"0\" data-dbsrc=\"Ly9ib2RydW1maW5kZXIuY29tL3dwLWNvbnRlbnQvdXBsb2Fkcy8yMDI0LzEyL0NvbnRhY3RfMDEucG5n\"\/>\n\t\t\t\t\t<\/image_lists>\n\t\t\t\t<\/sr7-module>\n\t\t\t\t<script>\n\t\t\t\t\tSR7.PMH ??={}; SR7.PMH[\"SR7_8_1\"] = {cn:100,state:false,fn: function() { if (_tpt!==undefined && _tpt.prepareModuleHeight !== undefined) {  _tpt.prepareModuleHeight({id:\"SR7_8_1\",el:[900,900,900,660,620],type:'standard',shdw:'0',gh:[900,900,900,660,620],gw:[960,960,960,513,480],vpt:['-100px&#039;,&#039;-100px&#039;,&#039;-100px&#039;,&#039;-100px&#039;,&#039;-100px'],size:{fullWidth:false, fullHeight:false},mh:'0',onh:0,onw:0,bg:{color:'{\"orig\":\"transparent\",\"type\":\"solid\",\"string\":\"transparent\"}'},plType:'-1',plColor:'#FFFFFF'});   SR7.PMH[\"SR7_8_1\"].state=true;} else if(SR7.PMH[\"SR7_8_1\"].cn-->0)\tsetTimeout( SR7.PMH[\"SR7_8_1\"].fn,19);}};SR7.PMH[\"SR7_8_1\" ].fn();\n\t\t\t\t<\/script>\n\t\t\t\t<\/div>\n\t\t\t\t<\/div>\n\t\t\t\t\t<\/div>\n\t\t<\/div>\n\t\t\t\t<div class=\"elementor-column elementor-col-50 elementor-top-column elementor-element elementor-element-5cd7b75\" data-id=\"5cd7b75\" data-element_type=\"column\" data-e-type=\"column\">\n\t\t\t<div class=\"elementor-widget-wrap elementor-element-populated\">\n\t\t\t\t\t\t<div class=\"elementor-element elementor-element-2de82df elementor-widget elementor-widget-text-editor\" data-id=\"2de82df\" data-element_type=\"widget\" data-e-type=\"widget\" data-widget_type=\"text-editor.default\">\n\t\t\t\t<div class=\"elementor-widget-container\">\n\t\t\t\t\t\t\t\t\t<h3>\u0421\u0412\u042f\u0416\u0418\u0422\u0415\u0421\u042c \u0421 \u041d\u0410\u041c\u0418<\/h3><p>\u0412\u044b \u043c\u043e\u0436\u0435\u0442\u0435 \u0441\u0432\u044f\u0437\u0430\u0442\u044c\u0441\u044f \u0441 \u043d\u0430\u043c\u0438 \u0447\u0435\u0440\u0435\u0437 \u043f\u043e\u043b\u0435 \u0434\u043b\u044f \u043a\u043e\u043d\u0442\u0430\u043a\u0442\u043e\u0432, \u0440\u0430\u0441\u043f\u043e\u043b\u043e\u0436\u0435\u043d\u043d\u043e\u0435 \u0432\u043d\u0438\u0437\u0443. \u0412\u044b \u043c\u043e\u0436\u0435\u0442\u0435 \u0431\u044b\u0442\u044c \u0443\u0432\u0435\u0440\u0435\u043d\u044b, \u0447\u0442\u043e \u043c\u044b \u0441\u0432\u044f\u0436\u0435\u043c\u0441\u044f \u0441 \u0432\u0430\u043c\u0438 \u0432 \u043a\u0440\u0430\u0442\u0447\u0430\u0439\u0448\u0438\u0435 \u0441\u0440\u043e\u043a\u0438.<\/p><p>\u0415\u0441\u043b\u0438 \u0432\u044b \u0445\u043e\u0442\u0438\u0442\u0435 \u0441\u043e\u0442\u0440\u0443\u0434\u043d\u0438\u0447\u0430\u0442\u044c \u0441 BodrumFinder \u0432 \u043e\u0431\u043b\u0430\u0441\u0442\u0438 \u0440\u0435\u043a\u043b\u0430\u043c\u044b, \u043c\u044b \u043c\u043e\u0436\u0435\u043c \u0432\u044b\u0441\u043b\u0430\u0442\u044c \u0432\u0430\u043c \u043d\u0430\u0448 \u043d\u0430\u0431\u043e\u0440 \u0434\u043b\u044f \u0440\u0435\u043a\u043b\u0430\u043c\u044b \u0438 \u043f\u0440\u043e\u0434\u0432\u0438\u0436\u0435\u043d\u0438\u044f BodrumFinder, \u043f\u0440\u043e\u0441\u0442\u043e \u043f\u043e\u0434\u0435\u043b\u0438\u0442\u0435\u0441\u044c \u0441 \u043d\u0430\u043c\u0438 \u0441\u0432\u043e\u0438\u043c\u0438 \u043a\u043e\u043d\u0442\u0430\u043a\u0442\u043d\u044b\u043c\u0438 \u0434\u0430\u043d\u043d\u044b\u043c\u0438 \u0438 \u0438\u043d\u0444\u043e\u0440\u043c\u0430\u0446\u0438\u0435\u0439 \u043e \u043a\u043e\u043c\u043f\u0430\u043d\u0438\u0438&#8230;<\/p>\t\t\t\t\t\t\t\t<\/div>\n\t\t\t\t<\/div>\n\t\t\t\t<div class=\"elementor-element elementor-element-3e76c41 elementor-widget elementor-widget-text-editor\" data-id=\"3e76c41\" data-element_type=\"widget\" data-e-type=\"widget\" data-widget_type=\"text-editor.default\">\n\t\t\t\t<div class=\"elementor-widget-container\">\n\t\t\t\t\t\t\t\t\t<p><strong><span class=\"no-rep\">\u0410\u0414\u0420\u0415\u0421:<\/span><\/strong> Bah\u00e7elievler Mahallesi, \u015eevket Sabanc\u0131 Caddesi, No:88E, Daire:9 Bodrum \u2013 Mu\u011fla\/T\u00fcrkiye<\/p><p><strong><span class=\"no-rep\">\u0422\u0435\u043b\u0435\u0444\u043e\u043d: <\/span><\/strong>0541 507 84 48<\/p><p><strong><span class=\"no-rep\">\u042d\u043b\u0435\u043a\u0442\u0440\u043e\u043d\u043d\u0430\u044f \u043f\u043e\u0447\u0442\u0430:<\/span><\/strong>\u00a0 info@bodrumfinder.com<\/p>\t\t\t\t\t\t\t\t<\/div>\n\t\t\t\t<\/div>\n\t\t\t\t<div class=\"elementor-element elementor-element-1a86288 elementor-widget elementor-widget-mkdf_cf7\" data-id=\"1a86288\" data-element_type=\"widget\" data-e-type=\"widget\" data-widget_type=\"mkdf_cf7.default\">\n\t\t\t\t<div class=\"elementor-widget-container\">\n\t\t\t\t\t    \n<div class=\"wpcf7 no-js\" id=\"wpcf7-f91567-o1\" lang=\"ru-RU\" dir=\"ltr\" data-wpcf7-id=\"91567\">\n<div class=\"screen-reader-response\"><p role=\"status\" aria-live=\"polite\" aria-atomic=\"true\"><\/p> <ul><\/ul><\/div>\n<form action=\"\/ru\/wp-json\/wp\/v2\/pages\/87467#wpcf7-f91567-o1\" method=\"post\" class=\"wpcf7-form init cf7_custom_style_1\" aria-label=\"\u041a\u043e\u043d\u0442\u0430\u043a\u0442\u043d\u0430\u044f \u0444\u043e\u0440\u043c\u0430\" novalidate=\"novalidate\" data-status=\"init\">\n<fieldset class=\"hidden-fields-container\"><input type=\"hidden\" name=\"_wpcf7\" value=\"91567\" \/><input type=\"hidden\" name=\"_wpcf7_version\" value=\"6.1.5\" \/><input type=\"hidden\" name=\"_wpcf7_locale\" value=\"ru_RU\" \/><input type=\"hidden\" name=\"_wpcf7_unit_tag\" value=\"wpcf7-f91567-o1\" \/><input type=\"hidden\" name=\"_wpcf7_container_post\" value=\"0\" \/><input type=\"hidden\" name=\"_wpcf7_posted_data_hash\" value=\"\" \/>\n<\/fieldset>\n<div class=\"contact-form-holder custom-form\">\n\n<span class=\"wpcf7-form-control-wrap\" data-name=\"your-name\"><input size=\"40\" maxlength=\"400\" class=\"wpcf7-form-control wpcf7-text wpcf7-validates-as-required\" aria-required=\"true\" aria-invalid=\"false\" placeholder=\"\u0418\u043c\u044f \u0438 \u0444\u0430\u043c\u0438\u043b\u0438\u044f\" value=\"\" type=\"text\" name=\"your-name\" \/><\/span>\n<span class=\"wpcf7-form-control-wrap\" data-name=\"your-email\"><input size=\"40\" maxlength=\"400\" class=\"wpcf7-form-control wpcf7-email wpcf7-validates-as-required wpcf7-text wpcf7-validates-as-email\" aria-required=\"true\" aria-invalid=\"false\" placeholder=\"\u0410\u0434\u0440\u0435\u0441 \u044d\u043b\u0435\u043a\u0442\u0440\u043e\u043d\u043d\u043e\u0439 \u043f\u043e\u0447\u0442\u044b\" value=\"\" type=\"email\" name=\"your-email\" \/><\/span>\n\n<span class=\"wpcf7-form-control-wrap\" data-name=\"your-message\"><textarea cols=\"40\" rows=\"10\" maxlength=\"2000\" class=\"wpcf7-form-control wpcf7-textarea wpcf7-validates-as-required\" aria-required=\"true\" aria-invalid=\"false\" placeholder=\"\u0412\u0430\u0448\u0435 \u0441\u043e\u043e\u0431\u0449\u0435\u043d\u0438\u0435...\" name=\"your-message\"><\/textarea><\/span>\n<input class=\"wpcf7-form-control wpcf7-submit has-spinner\" type=\"submit\" value=\"\u041e\u0442\u043f\u0440\u0430\u0432\u0438\u0442\u044c\" \/>\n<\/div><p style=\"display: none !important;\" class=\"akismet-fields-container\" data-prefix=\"_wpcf7_ak_\"><label>&#916;<textarea name=\"_wpcf7_ak_hp_textarea\" cols=\"45\" rows=\"8\" maxlength=\"100\"><\/textarea><\/label><input type=\"hidden\" id=\"ak_js_1\" name=\"_wpcf7_ak_js\" value=\"129\"\/><script type=\"text\/javascript\">\n\/* <![CDATA[ *\/\ndocument.getElementById( \"ak_js_1\" ).setAttribute( \"value\", ( new Date() ).getTime() );\n\/* ]]> *\/\n<\/script>\n<\/p><div class=\"wpcf7-response-output\" aria-hidden=\"true\"><\/div>\n<\/form>\n<\/div>\n\t\t\t\t<\/div>\n\t\t\t\t<\/div>\n\t\t\t\t\t<\/div>\n\t\t<\/div>\n\t\t\t\t\t<\/div>\n\t\t<\/section>\n\t\t\t\t<\/div>\n\t\t","protected":false},"excerpt":{"rendered":"<p>\u0421\u0412\u042f\u0416\u0418\u0422\u0415\u0421\u042c \u0421 \u041d\u0410\u041c\u0418 \u0412\u044b \u043c\u043e\u0436\u0435\u0442\u0435 \u0441\u0432\u044f\u0437\u0430\u0442\u044c\u0441\u044f \u0441 \u043d\u0430\u043c\u0438 \u0447\u0435\u0440\u0435\u0437 \u043f\u043e\u043b\u0435 \u0434\u043b\u044f \u043a\u043e\u043d\u0442\u0430\u043a\u0442\u043e\u0432, \u0440\u0430\u0441\u043f\u043e\u043b\u043e\u0436\u0435\u043d\u043d\u043e\u0435 \u0432\u043d\u0438\u0437\u0443. \u0412\u044b \u043c\u043e\u0436\u0435\u0442\u0435 \u0431\u044b\u0442\u044c \u0443\u0432\u0435\u0440\u0435\u043d\u044b, \u0447\u0442\u043e \u043c\u044b \u0441\u0432\u044f\u0436\u0435\u043c\u0441\u044f \u0441 \u0432\u0430\u043c\u0438 \u0432 \u043a\u0440\u0430\u0442\u0447\u0430\u0439\u0448\u0438\u0435 \u0441\u0440\u043e\u043a\u0438. \u0415\u0441\u043b\u0438 \u0432\u044b \u0445\u043e\u0442\u0438\u0442\u0435 \u0441\u043e\u0442\u0440\u0443\u0434\u043d\u0438\u0447\u0430\u0442\u044c \u0441 BodrumFinder \u0432 \u043e\u0431\u043b\u0430\u0441\u0442\u0438 \u0440\u0435\u043a\u043b\u0430\u043c\u044b, \u043c\u044b \u043c\u043e\u0436\u0435\u043c \u0432\u044b\u0441\u043b\u0430\u0442\u044c \u0432\u0430\u043c \u043d\u0430\u0448 \u043d\u0430\u0431\u043e\u0440 \u0434\u043b\u044f \u0440\u0435\u043a\u043b\u0430\u043c\u044b \u0438 \u043f\u0440\u043e\u0434\u0432\u0438\u0436\u0435\u043d\u0438\u044f BodrumFinder, \u043f\u0440\u043e\u0441\u0442\u043e \u043f\u043e\u0434\u0435\u043b\u0438\u0442\u0435\u0441\u044c \u0441 \u043d\u0430\u043c\u0438 \u0441\u0432\u043e\u0438\u043c\u0438 \u043a\u043e\u043d\u0442\u0430\u043a\u0442\u043d\u044b\u043c\u0438 \u0434\u0430\u043d\u043d\u044b\u043c\u0438 \u0438 \u0438\u043d\u0444\u043e\u0440\u043c\u0430\u0446\u0438\u0435\u0439 \u043e \u043a\u043e\u043c\u043f\u0430\u043d\u0438\u0438&#8230; \u0410\u0414\u0420\u0415\u0421: Bah\u00e7elievler Mahallesi, \u015eevket Sabanc\u0131 Caddesi, No:88E, Daire:9 Bodrum \u2013 Mu\u011fla\/T\u00fcrkiye \u0422\u0435\u043b\u0435\u0444\u043e\u043d: 0541 507 84 48 \u042d\u043b\u0435\u043a\u0442\u0440\u043e\u043d\u043d\u0430\u044f \u043f\u043e\u0447\u0442\u0430:\u00a0 info@bodrumfinder.com [&hellip;]<\/p>\n","protected":false},"author":1,"featured_media":0,"parent":0,"menu_order":0,"comment_status":"closed","ping_status":"closed","template":"full-width.php","meta":{"footnotes":""},"class_list":["post-87467","page","type-page","status-publish","hentry"],"_links":{"self":[{"href":"https:\/\/www.bodrumfinder.com\/ru\/wp-json\/wp\/v2\/pages\/87467","targetHints":{"allow":["GET"]}}],"collection":[{"href":"https:\/\/www.bodrumfinder.com\/ru\/wp-json\/wp\/v2\/pages"}],"about":[{"href":"https:\/\/www.bodrumfinder.com\/ru\/wp-json\/wp\/v2\/types\/page"}],"author":[{"embeddable":true,"href":"https:\/\/www.bodrumfinder.com\/ru\/wp-json\/wp\/v2\/users\/1"}],"replies":[{"embeddable":true,"href":"https:\/\/www.bodrumfinder.com\/ru\/wp-json\/wp\/v2\/comments?post=87467"}],"version-history":[{"count":0,"href":"https:\/\/www.bodrumfinder.com\/ru\/wp-json\/wp\/v2\/pages\/87467\/revisions"}],"wp:attachment":[{"href":"https:\/\/www.bodrumfinder.com\/ru\/wp-json\/wp\/v2\/media?parent=87467"}],"curies":[{"name":"wp","href":"https:\/\/api.w.org\/{rel}","templated":true}]}}